{"id":475,"date":"2026-04-07T11:57:03","date_gmt":"2026-04-07T11:57:03","guid":{"rendered":"https:\/\/dratatianayepes.celeryagency.com\/?post_type=product&#038;p=475"},"modified":"2026-04-07T11:57:03","modified_gmt":"2026-04-07T11:57:03","slug":"relleno-labios","status":"publish","type":"product","link":"https:\/\/dratatianayepes.celeryagency.com\/producto\/relleno-labios\/","title":{"rendered":"Relleno labios"},"content":{"rendered":"<h2 data-section-id=\"1dnv12p\" data-start=\"539\" data-end=\"558\">\u00bfPara qu\u00e9 sirve?<\/h2>\n<p data-start=\"560\" data-end=\"584\">La sueroterapia ayuda a:<\/p>\n<ul data-start=\"586\" data-end=\"801\">\n<li data-section-id=\"p7owj1\" data-start=\"586\" data-end=\"633\">Mejorar la calidad y luminosidad de la piel<\/li>\n<li data-section-id=\"1x04gj6\" data-start=\"634\" data-end=\"674\">Combatir el envejecimiento prematuro<\/li>\n<li data-section-id=\"1mxckdh\" data-start=\"675\" data-end=\"713\">Fortalecer el sistema inmunol\u00f3gico<\/li>\n<li data-section-id=\"1l2jqc0\" data-start=\"714\" data-end=\"749\">Aumentar la energ\u00eda y vitalidad<\/li>\n<li data-section-id=\"1m4za6n\" data-start=\"750\" data-end=\"801\">Favorecer la hidrataci\u00f3n y regeneraci\u00f3n celular<\/li>\n<\/ul>\n<hr data-start=\"803\" data-end=\"806\" \/>\n<h2 data-section-id=\"5q4lt\" data-start=\"808\" data-end=\"833\">Protocolos disponibles<\/h2>\n<ul data-start=\"835\" data-end=\"927\">\n<li data-section-id=\"14n3bmm\" data-start=\"835\" data-end=\"851\">Antioxidante<\/li>\n<li data-section-id=\"153hebd\" data-start=\"852\" data-end=\"863\">Antiage<\/li>\n<li data-section-id=\"5lf7eo\" data-start=\"864\" data-end=\"875\">Ros\u00e1cea<\/li>\n<li data-section-id=\"1empwlu\" data-start=\"876\" data-end=\"887\">Melasma<\/li>\n<li data-section-id=\"1nptbu2\" data-start=\"888\" data-end=\"897\">Detox<\/li>\n<li data-section-id=\"1wq6qks\" data-start=\"898\" data-end=\"909\">Capilar<\/li>\n<li data-section-id=\"1ieuok\" data-start=\"910\" data-end=\"927\">Revitalizante<\/li>\n<\/ul>\n<p data-start=\"929\" data-end=\"1007\">Cada protocolo es indicado seg\u00fan evaluaci\u00f3n m\u00e9dica y necesidades del paciente.<\/p>\n","protected":false},"excerpt":{"rendered":"<p data-start=\"215\" data-end=\"406\">La sueroterapia es un tratamiento que consiste en la <strong data-start=\"268\" data-end=\"338\">administraci\u00f3n intravenosa de vitaminas, minerales y antioxidantes<\/strong>, dise\u00f1ados para mejorar la salud de la piel y el bienestar general.<\/p>\n","protected":false},"featured_media":473,"comment_status":"open","ping_status":"closed","template":"","meta":[],"product_brand":[],"product_cat":[23],"product_tag":[],"class_list":{"0":"post-475","1":"product","2":"type-product","3":"status-publish","4":"has-post-thumbnail","6":"product_cat-inyectables","8":"first","9":"instock","10":"sale","11":"shipping-taxable","12":"purchasable","13":"product-type-simple"},"_links":{"self":[{"href":"https:\/\/dratatianayepes.celeryagency.com\/wp-json\/wp\/v2\/product\/475","targetHints":{"allow":["GET"]}}],"collection":[{"href":"https:\/\/dratatianayepes.celeryagency.com\/wp-json\/wp\/v2\/product"}],"about":[{"href":"https:\/\/dratatianayepes.celeryagency.com\/wp-json\/wp\/v2\/types\/product"}],"replies":[{"embeddable":true,"href":"https:\/\/dratatianayepes.celeryagency.com\/wp-json\/wp\/v2\/comments?post=475"}],"wp:featuredmedia":[{"embeddable":true,"href":"https:\/\/dratatianayepes.celeryagency.com\/wp-json\/wp\/v2\/media\/473"}],"wp:attachment":[{"href":"https:\/\/dratatianayepes.celeryagency.com\/wp-json\/wp\/v2\/media?parent=475"}],"wp:term":[{"taxonomy":"product_brand","embeddable":true,"href":"https:\/\/dratatianayepes.celeryagency.com\/wp-json\/wp\/v2\/product_brand?post=475"},{"taxonomy":"product_cat","embeddable":true,"href":"https:\/\/dratatianayepes.celeryagency.com\/wp-json\/wp\/v2\/product_cat?post=475"},{"taxonomy":"product_tag","embeddable":true,"href":"https:\/\/dratatianayepes.celeryagency.com\/wp-json\/wp\/v2\/product_tag?post=475"}],"curies":[{"name":"wp","href":"https:\/\/api.w.org\/{rel}","templated":true}]}}